{"id":2,"date":"2017-12-15T14:22:20","date_gmt":"2017-12-15T14:22:20","guid":{"rendered":"http:\/\/hogwarts.vn\/home\/?page_id=2"},"modified":"2021-06-05T04:20:43","modified_gmt":"2021-06-04T21:20:43","slug":"about","status":"publish","type":"page","link":"https:\/\/hogwarts.vn\/home\/about\/","title":{"rendered":"V\u1ec1 HogwartsVN\u2122"},"content":{"rendered":"<p>THE GREATEST POTTERHEAD COMMUNITY IN VIETNAM<\/p>\n<p><strong>H\u1ecdc vi\u1ec7n Ph\u00e1p thu\u1eadt v\u00e0 Ma thu\u1eadt Hogwarts Vi\u1ec7t Nam\u2122<\/strong> (hay c\u00f2n g\u1ecdi l\u00e0 <strong>Hogwarts Vi\u1ec7t Nam<\/strong> ho\u1eb7c <strong>HogwartsVN<\/strong>) l\u00e0 m\u1ed9t t\u1ed5 ch\u1ee9c phi l\u1ee3i nhu\u1eadn \u0111\u1ea1i di\u1ec7n cho c\u1ed9ng \u0111\u1ed3ng ng\u01b0\u1eddi y\u00eau th\u00edch <em>Harry Potter<\/em> l\u1edbn nh\u1ea5t t\u1ea1i Vi\u1ec7t Nam.<\/p>\n<p>IMAGINE BETTER<\/p>\n<p>\u0110\u01b0\u1ee3c th\u00e0nh l\u1eadp ch\u00ednh th\u1ee9c v\u00e0o ng\u00e0y 13 th\u00e1ng 1 n\u0103m 2013 \u1edf \u0111\u1ecba ch\u1ec9 <strong>hogwarts.vn<\/strong>, Hogwarts Vi\u1ec7t Nam l\u00e0 m\u1ed9t h\u01b0\u1edbng \u0111i ho\u00e0n to\u00e0n m\u1edbi do ba admin g\u00e2y d\u1ef1ng t\u1eeb \u0111\u1ea7u cho m\u1ed9t nh\u00f3m nhi\u1ec1u Potterhead \u0111\u00e3 th\u00e2n quen t\u1eeb tr\u01b0\u1edbc. Thay v\u00ec ch\u1ec9 t\u1ea1o ra m\u1ed9t di\u1ec5n \u0111\u00e0n cho c\u00e1c Potterhead giao l\u01b0u k\u1ebft b\u1ea1n v\u00e0 b\u00e0y t\u1ecf ni\u1ec1m y\u00eau th\u00edch v\u1edbi <em>Harry Potter<\/em> nh\u01b0 nhi\u1ec1u di\u1ec5n \u0111\u00e0n tr\u01b0\u1edbc \u0111\u00f3, Hogwarts Vi\u1ec7t Nam \u0111\u00e3 \u0111\u1ecbnh h\u01b0\u1edbng tr\u1edf th\u00e0nh m\u1ed9t n\u01a1i nu\u00f4i d\u01b0\u1ee1ng t\u00e2m h\u1ed3n, t\u01b0 duy v\u00e0 kh\u1ea3 n\u0103ng cho c\u00e1c b\u1ea1n &#8220;ph\u00f9 thu\u1ef7 sinh&#8221;. Hogwarts Vi\u1ec7t Nam coi tr\u1ecdng nh\u1eefng gi\u00e1 tr\u1ecb nh\u00e2n v\u0103n t\u1eeb g\u00f3c \u0111\u1ed9 v\u0103n ho\u00e1, x\u00e3 h\u1ed9i v\u00e0 ch\u00ednh tr\u1ecb c\u1ee7a t\u00e1c ph\u1ea9m\u00a0<em>Harry Potter\u00a0<\/em>c\u0169ng nh\u01b0 nh\u1eefng ph\u1ea9m ch\u1ea5t t\u1ed1t \u0111\u1eb9p m\u00e0 fandom\u00a0<em>Harry Potter<\/em> th\u1ebf gi\u1edbi \u0111\u00e3 chung tay g\u00e2y d\u1ef1ng. V\u00ec th\u1ebf, t\u1eeb \u0111\u00f3 t\u1edbi nay, d\u00f9 tr\u1ea3i qua nhi\u1ec1u thay \u0111\u1ed5i v\u1ec1 h\u00ecnh th\u1ee9c, h\u01b0\u1edbng \u0111i ch\u00ednh c\u1ee7a Hogwarts Vi\u1ec7t Nam v\u1eabn lu\u00f4n l\u00e0 mang gi\u00e1 tr\u1ecb tinh th\u1ea7n t\u1eeb\u00a0<em>Harry Potter\u00a0<\/em>ra ngo\u00e0i \u0111\u1eddi th\u1ef1c.<\/p>\n<p>Hi\u1ec7n t\u1ea1i, Hogwarts Vi\u1ec7t Nam ho\u1ea1t \u0111\u1ed9ng ch\u00ednh tr\u00ean Fanpage Facebook, n\u01a1i \u0111\u0103ng t\u1ea3i t\u1ea5t c\u1ea3 nh\u1eefng b\u00e0i vi\u1ebft, b\u00e0i d\u1ecbch, th\u00f4ng b\u00e1o v\u1ec1 c\u00e1c s\u1ef1 ki\u1ec7n c\u1ee7a Hogwarts Vi\u1ec7t Nam, v.v&#8230; Ngo\u00e0i ra, trang web hogwarts.vn s\u1ebd l\u00e0 n\u01a1i l\u01b0u tr\u1eef nh\u1eefng n\u1ed9i dung ch\u1eaft l\u1ecdc nh\u1ea5t c\u1ee7a \u0111\u1ed9i ng\u0169 admin.<\/p>\n<p>&nbsp;<\/p>\n","protected":false},"excerpt":{"rendered":"<p>THE GREATEST POTTERHEAD COMMUNITY IN VIETNAM H\u1ecdc vi\u1ec7n Ph\u00e1p thu\u1eadt v\u00e0 Ma thu\u1eadt Hogwarts Vi\u1ec7t Nam\u2122 (hay c\u00f2n g\u1ecdi l\u00e0 Hogwarts Vi\u1ec7t Nam ho\u1eb7c HogwartsVN) l\u00e0 m\u1ed9t t\u1ed5 ch\u1ee9c phi l\u1ee3i nhu\u1eadn \u0111\u1ea1i di\u1ec7n cho c\u1ed9ng \u0111\u1ed3ng ng\u01b0\u1eddi y\u00eau th\u00edch Harry Potter l\u1edbn nh\u1ea5t t\u1ea1i Vi\u1ec7t Nam. IMAGINE BETTER \u0110\u01b0\u1ee3c th\u00e0nh l\u1eadp ch\u00ednh th\u1ee9c v\u00e0o&#8230; <\/p>\n<div class=\"link-more\"><a href=\"https:\/\/hogwarts.vn\/home\/about\/\">\u0110\u1ecdc ti\u1ebfp<\/a><\/div>\n","protected":false},"author":1,"featured_media":24,"parent":0,"menu_order":0,"comment_status":"closed","ping_status":"open","template":"","meta":{"spay_email":""},"jetpack_sharing_enabled":true,"jetpack_shortlink":"https:\/\/wp.me\/P9tG3C-2","jetpack-related-posts":[{"id":477,"url":"https:\/\/hogwarts.vn\/home\/khoa-cang-mua-ve-harry-potter-7-1-ngay-28-03\/","url_meta":{"origin":2,"position":0},"title":"Kho\u00e1 c\u1ea3ng mua v\u00e9 Harry Potter 7.1 ng\u00e0y 28\/03","date":"23\/03\/2021","format":false,"excerpt":"\u0110\u1eb7t ch\u1ed7 cho H\u00e0 N\u1ed9i \u1edf kho\u00e1 c\u1ea3ng n\u00e0y \u0110\u1eb7t ch\u1ed7 cho S\u00e0i G\u00f2n \u1edf kho\u00e1 c\u1ea3ng n\u00e0y","rel":"","context":"Similar post","img":{"alt_text":"","src":"","width":0,"height":0},"classes":[]},{"id":92,"url":"https:\/\/hogwarts.vn\/home\/about\/lien-he\/","url_meta":{"origin":2,"position":1},"title":"Li\u00ean h\u1ec7","date":"16\/12\/2017","format":false,"excerpt":"Th\u00f4ng tin chung Qua tin nh\u1eafn Facebook: Nh\u1eafn tin Qua th\u01b0 \u0111i\u1ec7n t\u1eed (e-mail): owls@hogwarts.vn H\u1ecfi \u0111\u00e1p v\u1ec1 c\u00e1c s\u1ea3n ph\u1ea9m l\u01b0u ni\u1ec7m g\u00e2y qu\u1ef9 Qua th\u01b0 \u0111i\u1ec7n t\u1eed (e-mail): merchandise@hogwarts.vn Trao \u0111\u1ed5i \u2014 H\u1ee3p t\u00e1c \u0110\u1ea1i di\u1ec7n H\u00e0 N\u1ed9i Qua th\u01b0 \u0111i\u1ec7n t\u1eed (e-mail): vannt@hogwarts.vn \u0110\u1ea1i di\u1ec7n TP H\u1ed3\u2026","rel":"","context":"Similar post","img":{"alt_text":"","src":"https:\/\/i2.wp.com\/hogwarts.vn\/home\/wp-content\/uploads\/2017\/12\/13325532_615957701886415_3858672207870949504_n.jpg?fit=960%2C960&ssl=1&resize=350%2C200","width":350,"height":200},"classes":[]},{"id":457,"url":"https:\/\/hogwarts.vn\/home\/dat-cho-tham-gia-many-potter-returns-ha-noi-part-i\/","url_meta":{"origin":2,"position":2},"title":"\u0110\u1eb7t ch\u1ed7 tham gia Many Potter Returns \u2013 H\u00e0 N\u1ed9i \u2013 Part I","date":"23\/03\/2021","format":false,"excerpt":"","rel":"","context":"Similar post","img":{"alt_text":"","src":"","width":0,"height":0},"classes":[]},{"id":472,"url":"https:\/\/hogwarts.vn\/home\/dat-cho-tham-gia-many-potter-returns-sai-gon-part-i\/","url_meta":{"origin":2,"position":3},"title":"\u0110\u1eb7t ch\u1ed7 tham gia Many Potter Returns \u2013 S\u00e0i G\u00f2n \u2013 Part I","date":"23\/03\/2021","format":false,"excerpt":"","rel":"","context":"Similar post","img":{"alt_text":"","src":"","width":0,"height":0},"classes":[]},{"id":485,"url":"https:\/\/hogwarts.vn\/home\/mpr-sg-ii\/","url_meta":{"origin":2,"position":4},"title":"\u0110\u1eb7t ch\u1ed7 tham gia Many Potter Returns \u2013 S\u00e0i G\u00f2n \u2013 Part II","date":"29\/03\/2021","format":false,"excerpt":"","rel":"","context":"Similar post","img":{"alt_text":"","src":"","width":0,"height":0},"classes":[]},{"id":493,"url":"https:\/\/hogwarts.vn\/home\/mpr-hn-ii\/","url_meta":{"origin":2,"position":5},"title":"\u0110\u1eb7t ch\u1ed7 tham gia Many Potter Returns \u2013 H\u00e0 N\u1ed9i \u2013 Part II","date":"29\/03\/2021","format":false,"excerpt":"","rel":"","context":"Similar post","img":{"alt_text":"","src":"","width":0,"height":0},"classes":[]}],"_links":{"self":[{"href":"https:\/\/hogwarts.vn\/home\/wp-json\/wp\/v2\/pages\/2"}],"collection":[{"href":"https:\/\/hogwarts.vn\/home\/wp-json\/wp\/v2\/pages"}],"about":[{"href":"https:\/\/hogwarts.vn\/home\/wp-json\/wp\/v2\/types\/page"}],"author":[{"embeddable":true,"href":"https:\/\/hogwarts.vn\/home\/wp-json\/wp\/v2\/users\/1"}],"replies":[{"embeddable":true,"href":"https:\/\/hogwarts.vn\/home\/wp-json\/wp\/v2\/comments?post=2"}],"version-history":[{"count":6,"href":"https:\/\/hogwarts.vn\/home\/wp-json\/wp\/v2\/pages\/2\/revisions"}],"predecessor-version":[{"id":75,"href":"https:\/\/hogwarts.vn\/home\/wp-json\/wp\/v2\/pages\/2\/revisions\/75"}],"wp:featuredmedia":[{"embeddable":true,"href":"https:\/\/hogwarts.vn\/home\/wp-json\/wp\/v2\/media\/24"}],"wp:attachment":[{"href":"https:\/\/hogwarts.vn\/home\/wp-json\/wp\/v2\/media?parent=2"}],"curies":[{"name":"wp","href":"https:\/\/api.w.org\/{rel}","templated":true}]}}